{"id":1971,"date":"2026-01-12T22:02:58","date_gmt":"2026-01-12T22:02:58","guid":{"rendered":"https:\/\/ummisco.tickets-place.net\/?page_id=1971"},"modified":"2026-03-08T00:41:57","modified_gmt":"2026-03-08T00:41:57","slug":"centres","status":"publish","type":"page","link":"https:\/\/ummisco.tickets-place.net\/fr\/centres\/","title":{"rendered":"Centres"},"content":{"rendered":"\t\t<div data-elementor-type=\"wp-page\" data-elementor-id=\"1971\" class=\"elementor elementor-1971\" data-elementor-post-type=\"page\">\n\t\t\t\t\t\t<section class=\"elementor-section elementor-top-section elementor-element elementor-element-fa473e5 elementor-section-full_width elementor-section-stretched elementor-section-height-full ts-col-stretched-none ts-bg-color-over-image elementor-section-height-default elementor-section-items-middle\" data-id=\"fa473e5\" data-element_type=\"section\" data-e-type=\"section\" data-settings=\"{&quot;stretch_section&quot;:&quot;section-stretched&quot;}\">\n\t\t\t\t\t\t<div class=\"elementor-container elementor-column-gap-default\">\n\t\t\t\t\t<div class=\"elementor-column elementor-col-100 elementor-top-column elementor-element elementor-element-280e83a ts-bg-color-over-image\" data-id=\"280e83a\" data-element_type=\"column\" data-e-type=\"column\">\n\t\t\t<div class=\"elementor-widget-wrap elementor-element-populated\">\n\t\t\t\t\t\t<div class=\"elementor-element elementor-element-ef47cbe elementor-widget elementor-widget-shortcode\" data-id=\"ef47cbe\" data-element_type=\"widget\" data-e-type=\"widget\" data-widget_type=\"shortcode.default\">\n\t\t\t\t<div class=\"elementor-widget-container\">\n\t\t\t\t\t\t\t<div class=\"elementor-shortcode\"><div class=\"eventin-carte-wrap eventin-carte-wrap--full\" data-eventin-carte-type=\"full\" data-eventin-carte-api-url=\"https:\/\/ummisco.tickets-place.net\/fr\/wp-json\/eventin-carte\/v1\/centres\"><svg xmlns=\"http:\/\/www.w3.org\/2000\/svg\" style=\"position:absolute;width:0;height:0;\" aria-hidden=\"true\">\n  <symbol id=\"icon-building\" viewBox=\"0 0 24 24\"><path d=\"M12 2L2 7v13h20V7L12 2zm0 2.18l6 3v2.82h-3v2h-2v-2H9v-2h2V9H6V7.18l6-3zM4 20v-9h4v2h2v-2h4v9H4zm14 0v-9h2v9h-2z\"\/><\/symbol>\n  <symbol id=\"icon-handshake\" viewBox=\"0 0 24 24\"><path d=\"M11.56 4.5c.34 0 .63.14.84.4.2.26.3.58.3.97v1.2h1.6c.9 0 1.66.3 2.28.9.62.6.93 1.34.93 2.2v.4c0 .2-.07.37-.2.5-.14.14-.3.2-.5.2h-6.5c-.2 0-.37-.06-.5-.2a.68.68 0 0 1-.2-.5v-.4c0-.86.31-1.6.93-2.2a3.1 3.1 0 0 1 2.28-.9h1.6v-1.2c0-.58.2-1.07.6-1.47.4-.4.9-.6 1.5-.6zm-6.5 3v2.5c0 .2.07.37.2.5.13.14.3.2.5.2h.7l-1.2 6.5c-.03.2 0 .37.1.53.1.17.26.3.46.4l1.5.8c.2.1.4.15.6.15.2 0 .4-.05.6-.15l2.2-1.2 2.2 1.2c.2.1.4.15.6.15.2 0 .4-.05.6-.15l1.5-.8c.2-.1.36-.23.46-.4a1 1 0 0 0 .1-.53L14.5 11h.7c.2 0 .37-.06.5-.2a.68.68 0 0 0 .2-.5v-2.5h-10z\"\/><\/symbol>\n  <symbol id=\"icon-location\" viewBox=\"0 0 24 24\"><path d=\"M12 2C8.13 2 5 5.13 5 9c0 5.25 7 13 7 13s7-7.75 7-13c0-3.87-3.13-7-7-7zm0 9.5a2.5 2.5 0 1 1 0-5 2.5 2.5 0 0 1 0 5z\"\/><\/symbol>\n  <symbol id=\"icon-user\" viewBox=\"0 0 24 24\"><path d=\"M12 12c2.21 0 4-1.79 4-4s-1.79-4-4-4-4 1.79-4 4 1.79 4 4 4zm0 2c-2.67 0-8 1.34-8 4v2h16v-2c0-2.66-5.33-4-8-4z\"\/><\/symbol>\n  <symbol id=\"icon-search\" viewBox=\"0 0 24 24\"><path d=\"M15.5 14h-.79l-.28-.27A6.47 6.47 0 0 0 16 9.5 6.5 6.5 0 1 0 9.5 16c1.61 0 3.09-.59 4.23-1.57l.27.28v.79l5 4.99L20.49 19l-4.99-5zm-6 0C7.01 14 5 11.99 5 9.5S7.01 5 9.5 5 14 7.01 14 9.5 11.99 14 9.5 14z\"\/><\/symbol>\n  <symbol id=\"icon-fit\" viewBox=\"0 0 24 24\"><path d=\"M7 3H3v4h2V5h2V3zm0 16H3v4h4v-2H5v-2zm14-4h-2v2h2v2h4v-4h-4zm0-10h-2v2h2v2h2V5h2V3h-4z\"\/><\/symbol>\n  <symbol id=\"icon-fullscreen\" viewBox=\"0 0 24 24\"><path d=\"M7 14H5v5h5v-2H7v-3zm-2-4h2V7h3V5H5v5zm12 7h-3v2h5v-5h-2v3zM14 5v2h3v3h2V5h-5z\"\/><\/symbol>\n  <symbol id=\"icon-link\" viewBox=\"0 0 24 24\"><path d=\"M3.9 12c0-1.71 1.39-3.1 3.1-3.1h4V7H7c-2.76 0-5 2.24-5 5s2.24 5 5 5h4v-1.9H7c-1.71 0-3.1-1.39-3.1-3.1zM8 13h8v-2H8v2zm9-6h-4v1.9h4c1.71 0 3.1 1.39 3.1 3.1s-1.39 3.1-3.1 3.1h-4V17h4c2.76 0 5-2.24 5-5s-2.24-5-5-5z\"\/><\/symbol>\n<\/svg>\n<div class=\"app eventin-carte-app\" id=\"app\">\n  <header class=\"header\">\n    <div class=\"header-left\">\n      <div class=\"logo-mark\">U<\/div>\n      <div>\n        <h1>R\u00e9seau des centres<\/h1>\n        <p class=\"header-sub\">Carte interactive \u00b7 Centres, tutelles, partenaires, projets &amp; membres<\/p>\n      <\/div>\n    <\/div>\n    <div class=\"stats-bar\">\n      <span><strong id=\"stat-centres\">0<\/strong> centres<\/span>\n      <span><strong id=\"stat-projets\">0<\/strong> projets<\/span>\n      <span><strong id=\"stat-themes\">0<\/strong> th\u00e8mes<\/span>\n      <span><strong id=\"stat-membres\">0<\/strong> membres<\/span>\n      <span><strong id=\"stat-tutelles\">0<\/strong> tutelles<\/span>\n      <span><strong id=\"stat-partenaires\">0<\/strong> partenaires<\/span>\n    <\/div>\n  <\/header>\n  <div class=\"main\">\n    <aside class=\"sidebar\">\n      <div class=\"filters\">\n        <div id=\"filter-chip-zone\"><\/div>\n        <div class=\"search-wrap\">\n          <input type=\"search\" id=\"search-centres\" placeholder=\"Rechercher un centre\u2026\" autocomplete=\"off\" aria-label=\"Rechercher un centre\">\n        <\/div>\n        <label for=\"filter-theme\">Th\u00e8me<\/label>\n        <select id=\"filter-theme\"><option value=\"\">Tous les th\u00e8mes<\/option><\/select>\n        <label for=\"filter-centre\">Centre<\/label>\n        <select id=\"filter-centre\"><option value=\"\">Tous les centres<\/option><\/select>\n        <label for=\"filter-projet\">Projet<\/label>\n        <select id=\"filter-projet\"><option value=\"\">Tous les projets<\/option><\/select>\n        <button type=\"button\" id=\"btn-reset\">R\u00e9initialiser les filtres<\/button>\n      <\/div>\n      <p class=\"centre-list-count\" id=\"centre-list-count\" aria-live=\"polite\"><\/p>\n      <div class=\"centre-list\" id=\"centre-list\"><\/div>\n    <\/aside>\n    <div class=\"map-zone\">\n      <div id=\"map\"><\/div>\n      <div class=\"map-controls\">\n        <button type=\"button\" id=\"btn-fit-all\" class=\"btn-fit-all\" title=\"Voir tous les centres\"><span class=\"icon-svg icon-18\" style=\"vertical-align:middle;margin-right:0.25rem;\"><svg><use href=\"#icon-fit\"\/><\/svg><\/span>Tous les centres<\/button>\n        <button type=\"button\" id=\"btn-fullscreen\" title=\"Plein \u00e9cran\"><span class=\"icon-svg icon-18\" style=\"vertical-align:middle;margin-right:0.25rem;\"><svg><use href=\"#icon-fullscreen\"\/><\/svg><\/span>Plein \u00e9cran<\/button>\n        <button type=\"button\" id=\"btn-lines\" title=\"Afficher les liens entre centres qui partagent des projets\"><span class=\"icon-svg icon-18\" style=\"vertical-align:middle;margin-right:0.25rem;\"><svg><use href=\"#icon-link\"\/><\/svg><\/span>R\u00e9seau projets<\/button>\n        <button type=\"button\" id=\"btn-membres\" title=\"Afficher les membres\"><span class=\"icon-svg icon-18\" style=\"vertical-align:middle;margin-right:0.25rem;\"><svg><use href=\"#icon-user\"\/><\/svg><\/span>Membres<\/button>\n      <\/div>\n      <div class=\"legend-stack\" aria-live=\"polite\">\n        <div class=\"legend legend-projects\" id=\"legend\" style=\"display:none;\">\n          <div class=\"legend-title\">R\u00e9seau des partenariats<\/div>\n          <div class=\"legend-line\"><span class=\"line-dashed\" style=\"height:3px;width:32px;\"><\/span> Lien entre 2 centres<\/div>\n          <div class=\"legend-desc\">Une ligne relie deux centres qui ont au moins un projet en commun. Cliquez sur une ligne pour voir les projets partag\u00e9s.<\/div>\n        <\/div>\n        <div class=\"legend legend-markers\" id=\"legend-markers\">\n          <div style=\"font-weight:600;margin-bottom:0.25rem;\">Marqueurs<\/div>\n          <div class=\"legend-line\"><span style=\"width:20px;height:20px;border-radius:50%;border:2px solid var(--border);background:var(--bg-card);display:inline-block;vertical-align:middle;\"><\/span> Image = 1 tutelle<\/div>\n          <div class=\"legend-line\"><span class=\"marker-pin\" style=\"width:20px;height:20px;font-size:0.65rem;display:inline-flex;\">2<\/span> Chiffre = nb tutelles<\/div>\n        <\/div>\n        <div class=\"legend\" id=\"legend-membres\" style=\"display:none;\">\n          <div>Points verts = membres du centre<\/div>\n          <div class=\"legend-line\"><span class=\"member-dot\" style=\"display:inline-block;vertical-align:middle;\"><\/span> Membre<\/div>\n        <\/div>\n      <\/div>\n      <div class=\"detail-panel\" id=\"detail-panel\">\n        <div class=\"detail-panel-header\">\n          <div class=\"detail-panel-header-content\">\n            <img decoding=\"async\" id=\"detail-logo\" class=\"detail-panel-logo\" src=\"\" alt=\"\" style=\"display:none;\">\n            <h2 id=\"detail-title\">Centre<\/h2>\n          <\/div>\n          <button type=\"button\" class=\"detail-panel-close\" id=\"detail-close\" aria-label=\"Fermer\">\u00d7<\/button>\n        <\/div>\n        <div class=\"detail-panel-body\" id=\"detail-body\"><\/div>\n        <div class=\"detail-panel-footer\" id=\"detail-footer\">\n          <a href=\"#\" id=\"detail-link\" target=\"_blank\" rel=\"noopener noreferrer\">Voir la page \u2192<\/a>\n        <\/div>\n      <\/div>\n    <\/div>\n  <\/div>\n  <div class=\"loading\" id=\"loading\">\n    <div>\n      <div class=\"loading-spinner\"><\/div>\n      <p class=\"loading-text\">Chargement des centres\u2026<\/p>\n      <p class=\"loading-error\" id=\"loading-error\" style=\"display:none;margin-top:0.75rem;font-size:0.85rem;color:var(--text-secondary);\"><\/p>\n    <\/div>\n  <\/div>\n<\/div><\/div><\/div>\n\t\t\t\t\t\t<\/div>\n\t\t\t\t<\/div>\n\t\t\t\t\t<\/div>\n\t\t<\/div>\n\t\t\t\t\t<\/div>\n\t\t<\/section>\n\t\t\t\t<\/div>\n\t\t","protected":false},"excerpt":{"rendered":"U R\u00e9seau des centres Carte interactive \u00b7 Centres, tutelles, partenaires, projets &amp; membres 0 centres 0 projets 0 th\u00e8mes 0 membres 0 tutelles 0 partenaires Th\u00e8me Tous les th\u00e8mes Centre Tous les centres Projet Tous les projets R\u00e9initialiser les filtres Tous les centres Plein \u00e9cran R\u00e9seau projets Membres R\u00e9seau des partenariats Lien entre 2 centres &hellip; <a href=\"https:\/\/ummisco.tickets-place.net\/fr\/centres\/\" class=\"more-link\" title=\"Continue reading <span class=\"screen-reader-text\">Centres<\/span>\">Continue reading <span class=\"screen-reader-text\">Centres<\/span><\/a>","protected":false},"author":1,"featured_media":0,"parent":0,"menu_order":0,"comment_status":"closed","ping_status":"closed","template":"elementor_header_footer","meta":{"_acf_changed":false,"postBodyCss":"","postBodyMargin":[],"postBodyPadding":[],"postBodyBackground":{"backgroundType":"classic","gradient":""},"footnotes":""},"class_list":["post-1971","page","type-page","status-publish","hentry"],"acf":[],"_hostinger_reach_plugin_has_subscription_block":false,"_hostinger_reach_plugin_is_elementor":false,"_links":{"self":[{"href":"https:\/\/ummisco.tickets-place.net\/fr\/wp-json\/wp\/v2\/pages\/1971","targetHints":{"allow":["GET"]}}],"collection":[{"href":"https:\/\/ummisco.tickets-place.net\/fr\/wp-json\/wp\/v2\/pages"}],"about":[{"href":"https:\/\/ummisco.tickets-place.net\/fr\/wp-json\/wp\/v2\/types\/page"}],"author":[{"embeddable":true,"href":"https:\/\/ummisco.tickets-place.net\/fr\/wp-json\/wp\/v2\/users\/1"}],"replies":[{"embeddable":true,"href":"https:\/\/ummisco.tickets-place.net\/fr\/wp-json\/wp\/v2\/comments?post=1971"}],"version-history":[{"count":115,"href":"https:\/\/ummisco.tickets-place.net\/fr\/wp-json\/wp\/v2\/pages\/1971\/revisions"}],"predecessor-version":[{"id":5814,"href":"https:\/\/ummisco.tickets-place.net\/fr\/wp-json\/wp\/v2\/pages\/1971\/revisions\/5814"}],"wp:attachment":[{"href":"https:\/\/ummisco.tickets-place.net\/fr\/wp-json\/wp\/v2\/media?parent=1971"}],"curies":[{"name":"wp","href":"https:\/\/api.w.org\/{rel}","templated":true}]}}