{"id":103,"date":"2018-08-03T07:06:06","date_gmt":"2018-08-03T07:06:06","guid":{"rendered":"https:\/\/labtechco-demo.pbminfotech.com\/?page_id=6642"},"modified":"2026-02-26T14:00:07","modified_gmt":"2026-02-26T14:00:07","slug":"news","status":"publish","type":"page","link":"https:\/\/ummisco.tickets-place.net\/en\/actualite\/","title":{"rendered":"News"},"content":{"rendered":"<div data-elementor-type=\"wp-page\" data-elementor-id=\"103\" class=\"elementor elementor-103\" data-elementor-post-type=\"page\">\n\t\t\t\t\t\t<section class=\"elementor-section elementor-top-section elementor-element elementor-element-dc86974 elementor-section-full_width ts-col-stretched-none ts-bg-color-over-image elementor-section-height-default elementor-section-height-default\" data-id=\"dc86974\" data-element_type=\"section\" data-e-type=\"section\">\n\t\t\t\t\t\t<div class=\"elementor-container elementor-column-gap-default\">\n\t\t\t\t\t<div class=\"elementor-column elementor-col-100 elementor-top-column elementor-element elementor-element-42d72f4 ts-bg-color-over-image\" data-id=\"42d72f4\" data-element_type=\"column\" data-e-type=\"column\">\n\t\t\t<div class=\"elementor-widget-wrap elementor-element-populated\">\n\t\t\t\t\t\t<div class=\"elementor-element elementor-element-aa0ca67 elementor-widget elementor-widget-ts_blog_element\" data-id=\"aa0ca67\" data-element_type=\"widget\" data-e-type=\"widget\" data-widget_type=\"ts_blog_element.default\">\n\t\t\t\t<div class=\"elementor-widget-container\">\n\t\t\t\t\t<div class=\"themestek-boxes themestek-boxes-blog themestek-boxes-element-blog-style-1 themestek-boxes-view-default themestek-boxes-col-three themestek-boxes-sortable- themestek-boxes-textalign-left themestek-boxes-sortablebutton- themestek-boxes-spacing-default\">\r\n\t\t<div class=\"themestek-boxes-inner themestek-boxes-blog-inner\">\t<div class=\"ts-heading-subheading\"><\/div>\r\n\t\t\t\r\n\t\t\t<div class=\"row multi-columns-row themestek-boxes-row-wrapper\">\r\n\t\t\t\t<div class=\"ts-box-col-wrapper col-lg-4 col-sm-6 col-md-4 col-xs-12 ts-term-3\"><article class=\"themestek-box themestek-box-blog ts-blogbox-style-1 themestek-box-style1 themestek-blogbox-format-\">\r\n\t<div class=\"post-item\">\r\n\t\t\r\n\t\t<div class=\"ts-blog-image-with-meta\">\r\n\t\t\t<div class=\"ts-post-format-icon-w\"><i class=\"ts-labtechco-icon-file\"><\/i><\/div>\t\t\t<div class=\"ts-featured-wrapper ts-post-featured-wrapper ts-post-format-\"><img fetchpriority=\"high\" decoding=\"async\" width=\"500\" height=\"216\" src=\"https:\/\/ummisco.tickets-place.net\/wp-content\/uploads\/2026\/01\/IRD_072743_MD-500x500-1-e1772114819667.jpg\" class=\"attachment-themestek-img-800x700 size-themestek-img-800x700 wp-post-image\" alt=\"\" \/><\/div>\t\t\t\t\r\n\t\t<\/div>\t\t\r\n\t\t\r\n\t\t<div class=\"themestek-box-content\">\t\r\n\t \t\r\n\t\t\t<div class=\"ts-entry-meta-wrapper\"><div class=\"entry-meta ts-entry-meta ts-entry-meta-blogbox\"><span class=\"ts-meta-line byline\">  <span class=\"author vcard\"><span class=\"screen-reader-text ts-hide\">Author <\/span>By <a title=\"UMMISCO\" class=\"url fn n\" href=\"https:\/\/ummisco.tickets-place.net\/en\/author\/aboubacarsawadogo15gmail-com\/\">UMMISCO<\/a><\/span><\/span><span class=\"ts-meta-line posted-on\"><span class=\"screen-reader-text ts-hide\">Posted on <\/span><a href=\"https:\/\/ummisco.tickets-place.net\/en\/2018\/02\/18\/focus-sur-le-centre-asie-du-sud-est-axes-de-recherche-et-dynamiques-scientifiques\/\" title=\"Posted on\"><time class=\"entry-date published\" datetime=\"2018-02-18T09:49:46+00:00\">February 18, 2018<\/time><time class=\"updated ts-hide\" datetime=\"2026-02-26T14:07:07+00:00\">February 26, 2026<\/time><\/a><\/span><\/div><\/div>\t\t\t<div class=\"themestek-box-title\"><h4><a title=\"Focus on the Southeast Asia Center: Research Axes and Scientific Dynamics\" href=\"https:\/\/ummisco.tickets-place.net\/en\/2018\/02\/18\/focus-sur-le-centre-asie-du-sud-est-axes-de-recherche-et-dynamiques-scientifiques\/\">Focus on the Southeast Asia Center: Research Axes and Scientific Dynamics<\/a><\/h4><\/div>\t\t\t\r\n\t\t\t<div class=\"themestek-box-desc\">\r\n\t\t\t\t<div class=\"themestek-box-desc-text\">The Southeast Asia Center conducts interdisciplinary research on socio-environmental dynamics. <\/div>\r\n\t\t\t<\/div>\t\r\n\r\n\t\t\t<div class=\"ts-bottom-meta-wrapper clearfix\">\t\r\n\t\t\t\t<div class=\"pull-left\">\r\n\t\t\t\t\t<div class=\"themestek-blogbox-footer-left\"><a title=\"Read more\" href=\"https:\/\/ummisco.tickets-place.net\/en\/2018\/02\/18\/focus-sur-le-centre-asie-du-sud-est-axes-de-recherche-et-dynamiques-scientifiques\/\">Read more<\/a><\/div>\t\t\t\t<\/div>\r\n\t\t\t\t<div class=\"themestek-blogbox-footer-commnent pull-right\">\r\n\t\t\t\t\t<span class=\"ts-blogbox-comment-w\">\r\n\t\t\t\t\t\t<a title=\"Comments\" href=\"https:\/\/ummisco.tickets-place.net\/en\/2018\/02\/18\/focus-sur-le-centre-asie-du-sud-est-axes-de-recherche-et-dynamiques-scientifiques\/\">\r\n\t\t\t\t\t\t\t\t\t\t\t\t\t\t\t<i class=\"themifyicon ti-comment\"><\/i>\r\n\t\t\t\t\t\t\t\t<span class=\"comments\">0<\/span>\r\n\t\t\t\t\t\t\t\t\t\t\t\t\t\t<\/a>\r\n\t\t\t\t\t<\/span>\r\n\t\t\t\t<\/div>\r\n\t\t\t\t\r\n\t\t\t<\/div>\r\n\r\n\t\t<\/div>\r\n\r\n\t<\/div>\r\n<\/article>\r\n\r\n<\/div><div class=\"ts-box-col-wrapper col-lg-4 col-sm-6 col-md-4 col-xs-12 ts-term-6\"><article class=\"themestek-box themestek-box-blog ts-blogbox-style-1 themestek-box-style1 themestek-blogbox-format-\">\r\n\t<div class=\"post-item\">\r\n\t\t\r\n\t\t<div class=\"ts-blog-image-with-meta\">\r\n\t\t\t<div class=\"ts-post-format-icon-w\"><i class=\"ts-labtechco-icon-file\"><\/i><\/div>\t\t\t<div class=\"ts-featured-wrapper ts-post-featured-wrapper ts-post-format-\"><img decoding=\"async\" width=\"2560\" height=\"1440\" src=\"https:\/\/ummisco.tickets-place.net\/wp-content\/uploads\/2026\/02\/representation-user-experience-interface-design-scaled.jpg\" class=\"attachment-themestek-img-800x700 size-themestek-img-800x700 wp-post-image\" alt=\"\" \/><\/div>\t\t\t\t\r\n\t\t<\/div>\t\t\r\n\t\t\r\n\t\t<div class=\"themestek-box-content\">\t\r\n\t \t\r\n\t\t\t<div class=\"ts-entry-meta-wrapper\"><div class=\"entry-meta ts-entry-meta ts-entry-meta-blogbox\"><span class=\"ts-meta-line byline\">  <span class=\"author vcard\"><span class=\"screen-reader-text ts-hide\">Author <\/span>By <a title=\"UMMISCO\" class=\"url fn n\" href=\"https:\/\/ummisco.tickets-place.net\/en\/author\/aboubacarsawadogo15gmail-com\/\">UMMISCO<\/a><\/span><\/span><span class=\"ts-meta-line posted-on\"><span class=\"screen-reader-text ts-hide\">Posted on <\/span><a href=\"https:\/\/ummisco.tickets-place.net\/en\/2018\/01\/21\/portrait-de-chercheur-parcours-et-projets-au-sein-de-lunite\/\" title=\"Posted on\"><time class=\"entry-date published\" datetime=\"2018-01-21T10:43:28+00:00\">January 21, 2018<\/time><time class=\"updated ts-hide\" datetime=\"2026-02-25T22:13:33+00:00\">February 25, 2026<\/time><\/a><\/span><\/div><\/div>\t\t\t<div class=\"themestek-box-title\"><h4><a title=\"Researcher profile: career path and projects within the unit\" href=\"https:\/\/ummisco.tickets-place.net\/en\/2018\/01\/21\/portrait-de-chercheur-parcours-et-projets-au-sein-de-lunite\/\">Researcher profile: career path and projects within the unit<\/a><\/h4><\/div>\t\t\t\r\n\t\t\t<div class=\"themestek-box-desc\">\r\n\t\t\t\t<div class=\"themestek-box-desc-text\">We provide complete process piping capabilities for industrial from pulp and paper.<\/div>\r\n\t\t\t<\/div>\t\r\n\r\n\t\t\t<div class=\"ts-bottom-meta-wrapper clearfix\">\t\r\n\t\t\t\t<div class=\"pull-left\">\r\n\t\t\t\t\t<div class=\"themestek-blogbox-footer-left\"><a title=\"Read more\" href=\"https:\/\/ummisco.tickets-place.net\/en\/2018\/01\/21\/portrait-de-chercheur-parcours-et-projets-au-sein-de-lunite\/\">Read more<\/a><\/div>\t\t\t\t<\/div>\r\n\t\t\t\t<div class=\"themestek-blogbox-footer-commnent pull-right\">\r\n\t\t\t\t\t<span class=\"ts-blogbox-comment-w\">\r\n\t\t\t\t\t\t<a title=\"Comments\" href=\"https:\/\/ummisco.tickets-place.net\/en\/2018\/01\/21\/portrait-de-chercheur-parcours-et-projets-au-sein-de-lunite\/\">\r\n\t\t\t\t\t\t\t\t\t\t\t\t\t\t\t<i class=\"themifyicon ti-comment\"><\/i>\r\n\t\t\t\t\t\t\t\t<span class=\"comments\">0<\/span>\r\n\t\t\t\t\t\t\t\t\t\t\t\t\t\t<\/a>\r\n\t\t\t\t\t<\/span>\r\n\t\t\t\t<\/div>\r\n\t\t\t\t\r\n\t\t\t<\/div>\r\n\r\n\t\t<\/div>\r\n\r\n\t<\/div>\r\n<\/article>\r\n\r\n<\/div><div class=\"ts-box-col-wrapper col-lg-4 col-sm-6 col-md-4 col-xs-12 ts-term-6\"><article class=\"themestek-box themestek-box-blog ts-blogbox-style-1 themestek-box-style1 themestek-blogbox-format-\">\r\n\t<div class=\"post-item\">\r\n\t\t\r\n\t\t<div class=\"ts-blog-image-with-meta\">\r\n\t\t\t<div class=\"ts-post-format-icon-w\"><i class=\"ts-labtechco-icon-file\"><\/i><\/div>\t\t\t<div class=\"ts-featured-wrapper ts-post-featured-wrapper ts-post-format-\"><img decoding=\"async\" width=\"735\" height=\"381\" src=\"https:\/\/ummisco.tickets-place.net\/wp-content\/uploads\/2017\/09\/02eb28fae87f66de13bbaf84ce1e4ba4.jpg\" class=\"attachment-themestek-img-800x700 size-themestek-img-800x700 wp-post-image\" alt=\"\" \/><\/div>\t\t\t\t\r\n\t\t<\/div>\t\t\r\n\t\t\r\n\t\t<div class=\"themestek-box-content\">\t\r\n\t \t\r\n\t\t\t<div class=\"ts-entry-meta-wrapper\"><div class=\"entry-meta ts-entry-meta ts-entry-meta-blogbox\"><span class=\"ts-meta-line byline\">  <span class=\"author vcard\"><span class=\"screen-reader-text ts-hide\">Author <\/span>By <a title=\"UMMISCO\" class=\"url fn n\" href=\"https:\/\/ummisco.tickets-place.net\/en\/author\/aboubacarsawadogo15gmail-com\/\">UMMISCO<\/a><\/span><\/span><span class=\"ts-meta-line posted-on\"><span class=\"screen-reader-text ts-hide\">Posted on <\/span><a href=\"https:\/\/ummisco.tickets-place.net\/en\/2017\/09\/29\/changement-climatique-et-maladies-une-approche-une-seule-sante\/\" title=\"Posted on\"><time class=\"entry-date published\" datetime=\"2017-09-29T11:39:15+00:00\">September 29, 2017<\/time><time class=\"updated ts-hide\" datetime=\"2026-03-22T16:03:24+00:00\">March 22, 2026<\/time><\/a><\/span><\/div><\/div>\t\t\t<div class=\"themestek-box-title\"><h4><a title=\"Climate change and disease: one approach, one health\" href=\"https:\/\/ummisco.tickets-place.net\/en\/2017\/09\/29\/changement-climatique-et-maladies-une-approche-une-seule-sante\/\">Climate change and disease: one approach, one health<\/a><\/h4><\/div>\t\t\t\r\n\t\t\t<div class=\"themestek-box-desc\">\r\n\t\t\t\t<div class=\"themestek-box-desc-text\">We provide complete process piping capabilities for industrial from pulp and paper.<\/div>\r\n\t\t\t<\/div>\t\r\n\r\n\t\t\t<div class=\"ts-bottom-meta-wrapper clearfix\">\t\r\n\t\t\t\t<div class=\"pull-left\">\r\n\t\t\t\t\t<div class=\"themestek-blogbox-footer-left\"><a title=\"Read more\" href=\"https:\/\/ummisco.tickets-place.net\/en\/2017\/09\/29\/changement-climatique-et-maladies-une-approche-une-seule-sante\/\">Read more<\/a><\/div>\t\t\t\t<\/div>\r\n\t\t\t\t<div class=\"themestek-blogbox-footer-commnent pull-right\">\r\n\t\t\t\t\t<span class=\"ts-blogbox-comment-w\">\r\n\t\t\t\t\t\t<a title=\"Comments\" href=\"https:\/\/ummisco.tickets-place.net\/en\/2017\/09\/29\/changement-climatique-et-maladies-une-approche-une-seule-sante\/\">\r\n\t\t\t\t\t\t\t\t\t\t\t\t\t\t\t<i class=\"themifyicon ti-comment\"><\/i>\r\n\t\t\t\t\t\t\t\t<span class=\"comments\">0<\/span>\r\n\t\t\t\t\t\t\t\t\t\t\t\t\t\t<\/a>\r\n\t\t\t\t\t<\/span>\r\n\t\t\t\t<\/div>\r\n\t\t\t\t\r\n\t\t\t<\/div>\r\n\r\n\t\t<\/div>\r\n\r\n\t<\/div>\r\n<\/article>\r\n\r\n<\/div>\r\n\t\t\t<\/div>\r\n\t\t<\/div><!-- .themestek-boxes-inner -->   <\/div><!-- .themestek-boxes -->  \t\t\t\t<\/div>\n\t\t\t\t<\/div>\n\t\t\t\t\t<\/div>\n\t\t<\/div>\n\t\t\t\t\t<\/div>\n\t\t<\/section>\n\t\t\t\t<\/div>","protected":false},"excerpt":{"rendered":"<p>Author By UMMISCOPosted on f\u00e9vrier 18, 2018f\u00e9vrier 25, 2026 Focus sur le Centre Asie du Sud-Est : axes de recherche et dynamiques scientifiques Le Centre Asie du Sud-Est m\u00e8ne des recherches interdisciplinaires sur les dynamiques socio-environnementales et territoriales, en mobilisant la mod\u00e9lisation et des approches participatives au service de la compr\u00e9hension et de l\u2019aide \u00e0 &hellip; <a href=\"https:\/\/ummisco.tickets-place.net\/en\/2017\/09\/29\/changement-climatique-et-maladies-une-approche-une-seule-sante\/\" class=\"more-link\" title=\"Continue reading <span class=\"screen-reader-text\">Climate change and disease: one approach, one health<\/span>&#8220;>Continue reading <span class=\"screen-reader-text\">Climate change and disease: one approach, one health<\/span><\/a><\/p>","protected":false},"author":1,"featured_media":0,"parent":0,"menu_order":26,"comment_status":"closed","ping_status":"closed","template":"","meta":{"_acf_changed":false,"postBodyCss":"","postBodyMargin":[],"postBodyPadding":[],"postBodyBackground":{"backgroundType":"classic","gradient":""},"footnotes":""},"class_list":["post-103","page","type-page","status-publish","hentry"],"acf":[],"_hostinger_reach_plugin_has_subscription_block":false,"_hostinger_reach_plugin_is_elementor":false,"_links":{"self":[{"href":"https:\/\/ummisco.tickets-place.net\/en\/wp-json\/wp\/v2\/pages\/103","targetHints":{"allow":["GET"]}}],"collection":[{"href":"https:\/\/ummisco.tickets-place.net\/en\/wp-json\/wp\/v2\/pages"}],"about":[{"href":"https:\/\/ummisco.tickets-place.net\/en\/wp-json\/wp\/v2\/types\/page"}],"author":[{"embeddable":true,"href":"https:\/\/ummisco.tickets-place.net\/en\/wp-json\/wp\/v2\/users\/1"}],"replies":[{"embeddable":true,"href":"https:\/\/ummisco.tickets-place.net\/en\/wp-json\/wp\/v2\/comments?post=103"}],"version-history":[{"count":39,"href":"https:\/\/ummisco.tickets-place.net\/en\/wp-json\/wp\/v2\/pages\/103\/revisions"}],"predecessor-version":[{"id":4850,"href":"https:\/\/ummisco.tickets-place.net\/en\/wp-json\/wp\/v2\/pages\/103\/revisions\/4850"}],"wp:attachment":[{"href":"https:\/\/ummisco.tickets-place.net\/en\/wp-json\/wp\/v2\/media?parent=103"}],"curies":[{"name":"wp","href":"https:\/\/api.w.org\/{rel}","templated":true}]}}